{"id":1998,"date":"2025-09-10T15:31:39","date_gmt":"2025-09-10T13:31:39","guid":{"rendered":"https:\/\/ysministry.org\/site\/?page_id=1998"},"modified":"2026-03-03T11:44:23","modified_gmt":"2026-03-03T10:44:23","slug":"partenaire","status":"publish","type":"page","link":"https:\/\/ysministry.org\/site\/nous-soutenir\/partenaire\/","title":{"rendered":"DEVENIR PARTENAIRE"},"content":{"rendered":"\n<h2 class=\"wp-block-heading has-text-align-center has-ast-global-color-6-background-color has-background\" id=\"0-dieu-%C3%A9crit-une-histoire-nous-croyons-qu%E2%80%99il-vous-invite-%C3%A0-en-faire-partie\" style=\"border-radius:26px\">MERCI POUR VOTRE CHOIX<\/h2>\n\n\n\n<div class=\"wp-block-group alignfull has-global-padding is-layout-constrained wp-block-group-is-layout-constrained\" style=\"margin-top:0;margin-bottom:0;padding-top:0;padding-bottom:0\">\n<div class=\"wp-block-columns alignwide is-layout-flex wp-container-core-columns-is-layout-47c06fe3 wp-block-columns-is-layout-flex\">\n<div class=\"wp-block-column is-layout-flow wp-block-column-is-layout-flow\" style=\"flex-basis:33%\">\n<figure class=\"wp-block-image size-full\"><img loading=\"lazy\" decoding=\"async\" width=\"2560\" height=\"1440\" src=\"https:\/\/ysministry.org\/site\/wp-content\/uploads\/2024\/12\/IMG_6110-scaled.jpg\" alt=\"\" class=\"wp-image-1568\" style=\"aspect-ratio:1;object-fit:cover\" srcset=\"https:\/\/ysministry.org\/site\/wp-content\/uploads\/2024\/12\/IMG_6110-scaled.jpg 2560w, https:\/\/ysministry.org\/site\/wp-content\/uploads\/2024\/12\/IMG_6110-300x169.jpg 300w, https:\/\/ysministry.org\/site\/wp-content\/uploads\/2024\/12\/IMG_6110-1024x576.jpg 1024w, https:\/\/ysministry.org\/site\/wp-content\/uploads\/2024\/12\/IMG_6110-768x432.jpg 768w, https:\/\/ysministry.org\/site\/wp-content\/uploads\/2024\/12\/IMG_6110-1536x864.jpg 1536w, https:\/\/ysministry.org\/site\/wp-content\/uploads\/2024\/12\/IMG_6110-2048x1152.jpg 2048w\" sizes=\"auto, (max-width: 2560px) 100vw, 2560px\" \/><\/figure>\n<\/div>\n\n\n\n<div class=\"wp-block-column is-vertically-aligned-center is-layout-flow wp-container-core-column-is-layout-119bc444 wp-block-column-is-layout-flow\">\n<div class=\"wp-block-group is-layout-flow wp-block-group-is-layout-flow\" style=\"padding-top:2em;padding-right:2em;padding-bottom:2em;padding-left:2em\">\n<p class=\"is-style-default has-figtree-font-family\" style=\"font-size:clamp(15.197px, 0.95rem + ((1vw - 3.2px) * 0.765), 23px);font-style:normal;font-weight:300;line-height:1.6\">Votre d\u00e9cision de soutenir notre minist\u00e8re par un partenariat financier est une d\u00e9marche de foi qui honore le Seigneur. Elle montre votre d\u00e9sir de prendre part \u00e0 l&rsquo;avancement de Son Royaume et de faire fructifier Ses \u0153uvres \u00e0 travers nous.<\/p>\n\n\n\n<h3 class=\"wp-block-heading has-text-align-center\"><strong>Votre g\u00e9n\u00e9rosit\u00e9 ne sera jamais vaine.<\/strong><\/h3>\n\n\n\n<blockquote class=\"wp-block-quote has-accent-5-background-color has-background is-layout-flow wp-block-quote-is-layout-flow\">\n<p><em>Ne vous amassez pas des tr\u00e9sors sur la terre, o\u00f9 la mite et la rouille d\u00e9truisent, et o\u00f9 les voleurs percent et d\u00e9robent. Mais amassez-vous des tr\u00e9sors dans le ciel, o\u00f9 la mite et la rouille ne d\u00e9truisent point, et o\u00f9 les voleurs ne percent ni ne d\u00e9robent. Car l\u00e0 o\u00f9 est ton tr\u00e9sor, l\u00e0 aussi sera ton c\u0153ur.<br><strong>Matthieu 6:1<\/strong><\/em><\/p>\n<\/blockquote>\n<\/div>\n<\/div>\n<\/div>\n<\/div>\n\n\n\n<div class=\"wp-block-group alignfull has-global-padding is-layout-constrained wp-block-group-is-layout-constrained\" style=\"margin-top:0;margin-bottom:0;padding-top:0;padding-bottom:0\">\n<div class=\"wp-block-columns alignwide is-style-default is-layout-flex wp-container-core-columns-is-layout-960809ea wp-block-columns-is-layout-flex\" style=\"padding-right:0;padding-left:0\">\n<div class=\"wp-block-column has-global-padding is-layout-constrained wp-block-column-is-layout-constrained\" style=\"flex-basis:40%\">\n<div class=\"wp-block-group has-global-padding is-layout-constrained wp-container-core-group-is-layout-dc2aeaf0 wp-block-group-is-layout-constrained\" style=\"padding-top:2em;padding-right:2em;padding-bottom:2em;padding-left:2em\">\n<p class=\"has-medium-font-size\"><em>En remplissant ce formulaire, vous exprimez votre d\u00e9sir de devenir partenaire. Nous vous recontacterons pour faire plus ample connaissance, parler des modalit\u00e9s de votre soutien financier et r\u00e9pondre \u00e0 vos questions.\u00a0\u00bb<\/em><\/p>\n\n\n\n<p>En plantant cette graine dans un terrain fertile, vous amassez un tr\u00e9sor imp\u00e9rissable dans le ciel.<br>Soyez b\u00e9ni pour votre engagement et pour votre c\u0153ur de serviteur.<\/p>\n\n\n\n<p><br>Nous sommes d\u00e9j\u00e0 en pri\u00e8re pour vous et pour la r\u00e9compense qui vous attend.<\/p>\n<\/div>\n<\/div>\n\n\n\n<div class=\"wp-block-column is-vertically-aligned-center is-style-default has-accent-5-background-color has-background has-global-padding is-layout-constrained wp-container-core-column-is-layout-3bad783d wp-block-column-is-layout-constrained\" style=\"padding-top:var(--wp--preset--spacing--30);padding-right:var(--wp--preset--spacing--30);padding-bottom:var(--wp--preset--spacing--30);padding-left:var(--wp--preset--spacing--30)\"><div class=\"frm_forms  with_frm_style frm_style_style-formidable\" id=\"frm_form_2_container\" data-token=\"5e7049bf29901fa15ce2cf39627f9864\">\n<form enctype=\"multipart\/form-data\" method=\"post\" class=\"frm-show-form \" id=\"form_partenaire\" data-token=\"5e7049bf29901fa15ce2cf39627f9864\">\n<div class=\"frm_form_fields \">\n<fieldset>\n<legend class=\"frm_screen_reader\">PARTENAIRE<\/legend>\r\n\r\n<div class=\"frm_fields_container\">\n<input type=\"hidden\" name=\"frm_action\" value=\"create\" \/>\n<input type=\"hidden\" name=\"form_id\" value=\"2\" \/>\n<input type=\"hidden\" name=\"frm_hide_fields_2\" id=\"frm_hide_fields_2\" value=\"\" \/>\n<input type=\"hidden\" name=\"form_key\" value=\"partenaire\" \/>\n<input type=\"hidden\" name=\"item_meta[0]\" value=\"\" \/>\n<input type=\"hidden\" id=\"frm_submit_entry_2\" name=\"frm_submit_entry_2\" value=\"b597b6cf1e\" \/><input type=\"hidden\" name=\"_wp_http_referer\" value=\"\/site\/wp-json\/wp\/v2\/pages\/1998\" \/><div id=\"frm_field_7_container\" class=\"frm_form_field form-field  frm_required_field frm_top_container\">\r\n\t<div  id=\"field_uwq1i_label\" class=\"frm_primary_label\">Nom\r\n\t\t<span class=\"frm_required\" aria-hidden=\"true\">*<\/span>\r\n\t<\/div>\r\n\t<fieldset aria-labelledby=\"field_uwq1i_label\">\n\t<legend class=\"frm_screen_reader frm_hidden\">\n\t\tNom\t<\/legend>\n\n\t<div  class=\"frm_combo_inputs_container\" id=\"frm_combo_inputs_container_7\" data-name-layout=\"last_first\">\n\t\t\t\t\t<div\n\t\t\t\tid=\"frm_field_7-last_container\"\n\t\t\t\tclass=\"frm_form_field form-field frm_form_subfield-last  frm6\"\n\t\t\t\tdata-sub-field-name=\"last\"\n\t\t\t>\n\t\t\t\t<label for=\"field_uwq1i_last\" class=\"frm_screen_reader frm_hidden\">\n\t\t\t\t\tNom\t\t\t\t<\/label>\n\n\t\t\t\t<input  type=\"text\" id=\"field_uwq1i_last\" value=\"\" name=\"item_meta[7][last]\" autocomplete=\"family-name\" data-reqmsg=\"Nom ne peut pas \u00eatre vide.\" aria-required=\"true\" data-invmsg=\"Nom est non valide\" aria-invalid=\"false\"  \/><div class=\"frm_description\" id=\"frm_field_7_last_desc\">Nom<\/div>\t\t\t<\/div>\n\t\t\t\t\t\t<div\n\t\t\t\tid=\"frm_field_7-first_container\"\n\t\t\t\tclass=\"frm_form_field form-field frm_form_subfield-first  frm6\"\n\t\t\t\tdata-sub-field-name=\"first\"\n\t\t\t>\n\t\t\t\t<label for=\"field_uwq1i_first\" class=\"frm_screen_reader frm_hidden\">\n\t\t\t\t\tPr\u00e9nom\t\t\t\t<\/label>\n\n\t\t\t\t<input  type=\"text\" id=\"field_uwq1i_first\" value=\"\" name=\"item_meta[7][first]\" autocomplete=\"given-name\" data-reqmsg=\"Nom ne peut pas \u00eatre vide.\" aria-required=\"true\" data-invmsg=\"Nom est non valide\" aria-invalid=\"false\"  \/><div class=\"frm_description\" id=\"frm_field_7_first_desc\">Pr\u00e9nom<\/div>\t\t\t<\/div>\n\t\t\t\t<\/div>\n<\/fieldset>\n\r\n\t\r\n\t\r\n<\/div>\n<div id=\"frm_field_8_container\" class=\"frm_form_field form-field  frm_required_field frm_top_container frm6 frm_first\">\r\n\t<label for=\"field_5et7l\" id=\"field_5et7l_label\" class=\"frm_primary_label\">E-mail\r\n\t\t<span class=\"frm_required\" aria-hidden=\"true\">*<\/span>\r\n\t<\/label>\r\n\t<input type=\"email\" id=\"field_5et7l\" name=\"item_meta[8]\" value=\"\"  data-reqmsg=\"E-mail ne peut pas \u00eatre vide.\" aria-required=\"true\" data-invmsg=\"E-mail est non valide\" aria-invalid=\"false\"  \/>\r\n\t\r\n\t\r\n<\/div>\n<div id=\"frm_field_9_container\" class=\"frm_form_field form-field  frm_required_field frm_top_container frm6\">\r\n\t<label for=\"field_vyhzo\" id=\"field_vyhzo_label\" class=\"frm_primary_label\">T\u00e9l\u00e9phone\r\n\t\t<span class=\"frm_required\" aria-hidden=\"true\">*<\/span>\r\n\t<\/label>\r\n\t<input type=\"tel\" id=\"field_vyhzo\" name=\"item_meta[9]\" value=\"\"  placeholder=\"+\" data-reqmsg=\"T\u00e9l\u00e9phone ne peut pas \u00eatre vide.\" aria-required=\"true\" data-invmsg=\"T\u00e9l\u00e9phone est non valide\" aria-invalid=\"false\" pattern=\"((\\+\\d{1,3}(-|.| )?\\(?\\d\\)?(-| |.)?\\d{1,5})|(\\(?\\d{2,6}\\)?))(-|.| )?(\\d{3,4})(-|.| )?(\\d{4})(( x| ext)\\d{1,5}){0,1}$\"   aria-describedby=\"frm_desc_field_vyhzo\"\/>\r\n\t<div class=\"frm_description\" id=\"frm_desc_field_vyhzo\">Avec pr\u00e9fixe international<\/div>\r\n\t\r\n<\/div>\n<div id=\"frm_field_11_container\" class=\"frm_form_field form-field  frm_top_container\">\r\n\t<label for=\"field_zd7jp\" id=\"field_zd7jp_label\" class=\"frm_primary_label\">Votre message \/ Question (Facultatif)\r\n\t\t<span class=\"frm_required\" aria-hidden=\"true\"><\/span>\r\n\t<\/label>\r\n\t<textarea name=\"item_meta[11]\" id=\"field_zd7jp\" rows=\"5\"  data-invmsg=\"Votre message \/ Question (Facultatif) est non valide\" aria-invalid=\"false\"  ><\/textarea>\r\n\t\r\n\t\r\n<\/div>\n<div id=\"frm_field_10_container\" class=\"frm_form_field form-field  frm_none_container\">\r\n\t<label for=\"g-recaptcha-response\" id=\"field_45brj_label\" class=\"frm_primary_label\">Captcha\r\n\t\t<span class=\"frm_required\" aria-hidden=\"true\"><\/span>\r\n\t<\/label>\r\n\t<div  id=\"field_45brj\" class=\"frm-g-recaptcha\" data-sitekey=\"6Lc-PMcrAAAAACa9rv90zzJM_JLOSD9su2fJ-s29\" data-size=\"normal\" data-theme=\"light\"><\/div>\r\n\t\r\n\t\r\n<\/div>\n<div id=\"frm_field_6_container\" class=\"frm_form_field form-field \">\r\n\t<div class=\"frm_submit frm_flex\">\r\n<button class=\"frm_button_submit\" type=\"submit\"  >Envoyer<\/button>\r\n\r\n\r\n\r\n<\/div>\r\n<\/div>\n\t<input type=\"hidden\" name=\"item_key\" value=\"\" \/>\n\t\t\t<div id=\"frm_field_36_container\">\n\t\t\t<label for=\"field_ctwp1\" >\n\t\t\t\tSi vous \u00eates un humain, ne remplissez pas ce champ.\t\t\t<\/label>\n\t\t\t<input  id=\"field_ctwp1\" type=\"text\" class=\"frm_form_field form-field frm_verify\" name=\"item_meta[36]\" value=\"\"  \/>\n\t\t<\/div>\n\t\t<input name=\"frm_state\" type=\"hidden\" value=\"mrGsZrXx6eYOZt4MZhWGQc8yeobYuuBLb2PpCVH1tWY=\" \/><\/div>\n<\/fieldset>\n<\/div>\n\n<\/form>\n<\/div>\n\n<\/div>\n<\/div>\n<\/div>\n\n\n\n<hr class=\"wp-block-separator has-alpha-channel-opacity is-style-wide is-style-wide--1\"\/>\n\n\n\n<p class=\"has-text-align-center\">Acc\u00e9der \u00e0 la page d&rsquo;information r\u00e9serv\u00e9es au partenaires<br>(mot de passe n\u00e9cessaire)<\/p>\n\n\n\n<div class=\"wp-block-buttons is-content-justification-center is-layout-flex wp-container-core-buttons-is-layout-a89b3969 wp-block-buttons-is-layout-flex\">\n<div class=\"wp-block-button is-style-fill\"><a class=\"wp-block-button__link has-accent-4-background-color has-background wp-element-button\" href=\"https:\/\/ysministry.org\/site\/partenaires\/\" style=\"border-top-left-radius:13px;border-top-right-radius:13px;border-bottom-left-radius:13px;border-bottom-right-radius:13px\">Page info partenaires<br>\ud83d\udd11 Mot de passe \ud83d\udd10<\/a><\/div>\n<\/div>\n","protected":false},"excerpt":{"rendered":"<p>MERCI POUR VOTRE CHOIX Votre d\u00e9cision de soutenir notre minist\u00e8re par un partenariat financier est une d\u00e9marche de foi qui honore le Seigneur. Elle montre votre d\u00e9sir de prendre part \u00e0 l&rsquo;avancement de Son Royaume et de faire fructifier Ses \u0153uvres \u00e0 travers nous. Votre g\u00e9n\u00e9rosit\u00e9 ne sera jamais vaine. Ne vous amassez pas des [&hellip;]<\/p>\n","protected":false},"author":1,"featured_media":0,"parent":365,"menu_order":0,"comment_status":"closed","ping_status":"closed","template":"","meta":{"footnotes":""},"class_list":["post-1998","page","type-page","status-publish","hentry"],"_links":{"self":[{"href":"https:\/\/ysministry.org\/site\/wp-json\/wp\/v2\/pages\/1998","targetHints":{"allow":["GET"]}}],"collection":[{"href":"https:\/\/ysministry.org\/site\/wp-json\/wp\/v2\/pages"}],"about":[{"href":"https:\/\/ysministry.org\/site\/wp-json\/wp\/v2\/types\/page"}],"author":[{"embeddable":true,"href":"https:\/\/ysministry.org\/site\/wp-json\/wp\/v2\/users\/1"}],"replies":[{"embeddable":true,"href":"https:\/\/ysministry.org\/site\/wp-json\/wp\/v2\/comments?post=1998"}],"version-history":[{"count":27,"href":"https:\/\/ysministry.org\/site\/wp-json\/wp\/v2\/pages\/1998\/revisions"}],"predecessor-version":[{"id":3484,"href":"https:\/\/ysministry.org\/site\/wp-json\/wp\/v2\/pages\/1998\/revisions\/3484"}],"up":[{"embeddable":true,"href":"https:\/\/ysministry.org\/site\/wp-json\/wp\/v2\/pages\/365"}],"wp:attachment":[{"href":"https:\/\/ysministry.org\/site\/wp-json\/wp\/v2\/media?parent=1998"}],"curies":[{"name":"wp","href":"https:\/\/api.w.org\/{rel}","templated":true}]}}