{"id":382,"date":"2023-12-13T14:10:12","date_gmt":"2023-12-13T13:10:12","guid":{"rendered":"https:\/\/ysministry.org\/site\/newsletter\/"},"modified":"2026-02-06T18:05:00","modified_gmt":"2026-02-06T17:05:00","slug":"newsletter","status":"publish","type":"page","link":"https:\/\/ysministry.org\/site\/newsletter\/","title":{"rendered":"NEWSLETTER"},"content":{"rendered":"\n<div class=\"wp-block-cover alignfull is-light has-parallax\" style=\"min-height:313px;aspect-ratio:unset;\"><div class=\"wp-block-cover__image-background wp-image-1850 size-large has-parallax\" style=\"background-position:50% 50%;background-image:url(https:\/\/ysministry.org\/site\/wp-content\/uploads\/2025\/08\/FullSizeRender-1024x576.jpg)\"><\/div><span aria-hidden=\"true\" class=\"wp-block-cover__background has-white-background-color has-background-dim-60 has-background-dim\"><\/span><div class=\"wp-block-cover__inner-container has-global-padding is-layout-constrained wp-block-cover-is-layout-constrained\">\n<h2 class=\"wp-block-heading has-text-align-center has-figtree-font-family\" style=\"font-style:normal;font-weight:700\">NEWSLETTER<\/h2>\n\n\n\n<h4 class=\"wp-block-heading has-text-align-center\"><em>&#8230; et si nous devenions amis &#8230;<\/em><\/h4>\n<\/div><\/div>\n\n\n\n<div class=\"wp-block-group has-accent-5-background-color has-background has-global-padding is-layout-constrained wp-container-core-group-is-layout-b5fc8583 wp-block-group-is-layout-constrained\" style=\"border-top-left-radius:23px;border-top-right-radius:23px;border-bottom-left-radius:23px;border-bottom-right-radius:23px;padding-top:var(--wp--preset--spacing--30);padding-right:var(--wp--preset--spacing--30);padding-bottom:var(--wp--preset--spacing--30);padding-left:var(--wp--preset--spacing--30)\">\n<p class=\"has-text-align-center\">Abonnez-vous \u00e0 notre <strong>newslett<\/strong>er<br>et recevez un exemplaire \u00e0 t\u00e9l\u00e9charger de notre livre.<\/p>\n\n\n\n<figure class=\"wp-block-image aligncenter size-full is-resized has-custom-border is-style-default\"><img loading=\"lazy\" decoding=\"async\" width=\"300\" height=\"424\" src=\"https:\/\/ysministry.org\/site\/wp-content\/uploads\/2024\/11\/MUSCLER-SML.png\" alt=\"\" class=\"has-border-color wp-image-1517\" style=\"border-color:var(--ast-global-color-4);border-width:9px;border-radius:14px;width:250px\" srcset=\"https:\/\/ysministry.org\/site\/wp-content\/uploads\/2024\/11\/MUSCLER-SML.png 300w, https:\/\/ysministry.org\/site\/wp-content\/uploads\/2024\/11\/MUSCLER-SML-212x300.png 212w\" sizes=\"auto, (max-width: 300px) 100vw, 300px\" \/><\/figure>\n\n\n\n<div class=\"wp-block-boldblocks-icon-separator\" role=\"separator\"><div class=\"wp-block-boldblocks-icon-separator__inner icon-center is-align-center\" style=\"--bb-border:1px solid;--bb--icon-width:3.3em;--bb--icon-spacing:3.9em;--bb--icon-fill-color:var(--wp--preset--color--primary, #6366F1)\"><svg xmlns=\"http:\/\/www.w3.org\/2000\/svg\" fill=\"currentColor\" class=\"bi bi-envelope-at-fill\" viewBox=\"0 0 16 16\">\n  <path d=\"M2 2A2 2 0 0 0 .05 3.555L8 8.414l7.95-4.859A2 2 0 0 0 14 2zm-2 9.8V4.698l5.803 3.546zm6.761-2.97-6.57 4.026A2 2 0 0 0 2 14h6.256A4.5 4.5 0 0 1 8 12.5a4.49 4.49 0 0 1 1.606-3.446l-.367-.225L8 9.586zM16 9.671V4.697l-5.803 3.546.338.208A4.5 4.5 0 0 1 12.5 8c1.414 0 2.675.652 3.5 1.671\"><\/path>\n  <path d=\"M15.834 12.244c0 1.168-.577 2.025-1.587 2.025-.503 0-1.002-.228-1.12-.648h-.043c-.118.416-.543.643-1.015.643-.77 0-1.259-.542-1.259-1.434v-.529c0-.844.481-1.4 1.26-1.4.585 0 .87.333.953.63h.03v-.568h.905v2.19c0 .272.18.42.411.42.315 0 .639-.415.639-1.39v-.118c0-1.277-.95-2.326-2.484-2.326h-.04c-1.582 0-2.64 1.067-2.64 2.724v.157c0 1.867 1.237 2.654 2.57 2.654h.045c.507 0 .935-.07 1.18-.18v.731c-.219.1-.643.175-1.237.175h-.044C10.438 16 9 14.82 9 12.646v-.214C9 10.36 10.421 9 12.485 9h.035c2.12 0 3.314 1.43 3.314 3.034zm-4.04.21v.227c0 .586.227.8.581.8.31 0 .564-.17.564-.743v-.367c0-.516-.275-.708-.572-.708-.346 0-.573.245-.573.791\"><\/path>\n<\/svg><\/div><\/div>\n\n\n\n<!-- Formulaire Newsletter personnalis\u00e9 -->\n<form method=\"post\" action=\"https:\/\/newsletter.infomaniak.com\/v3\/api\/1\/newsletters\/webforms\/21311\/submit\" class=\"newsletter-form\">\n  <input type=\"email\" name=\"email\" style=\"display:none\" \/>\n  <input type=\"hidden\" name=\"key\" value=\"eyJpdiI6IktaRG96YWd6K2tKVHdzRWJsbGNzb3V1TlBvVHZuWTZ2Q21YWCs3cDNQaUU9IiwibWFjIjoiY2NhZGMxZjgwM2ZhNTVmODg1MDc0MTliNjk4ZjRlMmJiYTMwYzY1ZDJkOGRkY2RlOWJhMzc3MmIxODg5ODNhMCIsInZhbHVlIjoiNGJjUWxLVk5JNVpzUGVGOTRrS0NNS1lMb2JLZDNRSmZJRWtkUTV2cVlUcz0ifQ==\">\n  <input type=\"hidden\" name=\"webform_id\" value=\"21311\">\n  <style>\n    .newsletter-form {\n      max-width: 500px;\n      margin: 0 auto;\n      font-family: Arial, sans-serif;\n      text-align: center;\n    }\n    .newsletter-form h2 {\n      font-size: 28px;\n      font-weight: bold;\n      margin-bottom: 10px;\n    }\n    .newsletter-form p {\n      font-size: 16px;\n      margin-bottom: 20px;\n    }\n    .newsletter-form img.book-cover {\n      max-width: 200px;\n      margin: 15px 0;\n    }\n    .newsletter-divider {\n      display: flex;\n      align-items: center;\n      margin: 25px 0;\n    }\n    .newsletter-divider hr {\n      flex: 1;\n      border: none;\n      border-top: 1px solid #ccc;\n    }\n    .newsletter-divider img {\n      margin: 0 15px;\n      height: 40px;\n    }\n    .newsletter-form input[type=\"text\"],\n    .newsletter-form input[type=\"email\"] {\n      width: 100%;\n      padding: 12px;\n      margin: 8px 0;\n      border: none;\n      background-color: #f5f5f5;\n      font-size: 14px;\n    }\n    .newsletter-form input[type=\"submit\"] {\n      background-color: #333;\n      color: white;\n      padding: 12px 20px;\n      border: none;\n      cursor: pointer;\n      font-size: 14px;\n      margin-top: 10px;\n    }\n    .newsletter-form input[type=\"submit\"]:hover {\n      background-color: #555;\n    }\n    .newsletter-form .inf-rgpd {\n      font-size: 12px;\n      color: #555;\n      margin-top: 15px;\n    }\n  <\/style>\n\n  <input type=\"text\" name=\"inf[2]\" placeholder=\"Pr\u00e9nom\" required>\n  <input type=\"text\" name=\"inf[3]\" placeholder=\"Nom de famille\" required>\n  <input type=\"email\" name=\"inf[1]\" placeholder=\"E-mail\" required>\n\n  <script src=\"https:\/\/eu.altcha.org\/js\/latest\/altcha.min.js\" type=\"module\" defer><\/script>\n  <altcha-widget hidelogo hidefooter floating challengeurl=\"https:\/\/newsletter.infomaniak.com\/v3\/altcha-challenge\"><\/altcha-widget>\n  <script src=\"https:\/\/newsletter.storage5.infomaniak.com\/mcaptcha\/altcha.js\" defer><\/script>\n\n  <input type=\"submit\" value=\"S'abonner\">\n\n  <div class=\"inf-rgpd\">\n    Votre adresse de messagerie est uniquement utilis\u00e9e pour vous envoyer notre lettre d&rsquo;information ainsi que des informations concernant nos activit\u00e9s. Vous pouvez \u00e0 tout moment utiliser le lien de d\u00e9sabonnement int\u00e9gr\u00e9 dans chacun de nos mails.\n  <\/div>\n<\/form>\n<\/div>\n","protected":false},"excerpt":{"rendered":"<p>Abonnez-vous \u00e0 notre newsletteret recevez un exemplaire \u00e0 t\u00e9l\u00e9charger de notre livre. Votre adresse de messagerie est uniquement utilis\u00e9e pour vous envoyer notre lettre d&rsquo;information ainsi que des informations concernant nos activit\u00e9s. Vous pouvez \u00e0 tout moment utiliser le lien de d\u00e9sabonnement int\u00e9gr\u00e9 dans chacun de nos mails.<\/p>\n","protected":false},"author":1,"featured_media":0,"parent":0,"menu_order":0,"comment_status":"closed","ping_status":"closed","template":"page-no-title","meta":{"footnotes":""},"class_list":["post-382","page","type-page","status-publish","hentry"],"_links":{"self":[{"href":"https:\/\/ysministry.org\/site\/wp-json\/wp\/v2\/pages\/382","targetHints":{"allow":["GET"]}}],"collection":[{"href":"https:\/\/ysministry.org\/site\/wp-json\/wp\/v2\/pages"}],"about":[{"href":"https:\/\/ysministry.org\/site\/wp-json\/wp\/v2\/types\/page"}],"author":[{"embeddable":true,"href":"https:\/\/ysministry.org\/site\/wp-json\/wp\/v2\/users\/1"}],"replies":[{"embeddable":true,"href":"https:\/\/ysministry.org\/site\/wp-json\/wp\/v2\/comments?post=382"}],"version-history":[{"count":25,"href":"https:\/\/ysministry.org\/site\/wp-json\/wp\/v2\/pages\/382\/revisions"}],"predecessor-version":[{"id":3371,"href":"https:\/\/ysministry.org\/site\/wp-json\/wp\/v2\/pages\/382\/revisions\/3371"}],"wp:attachment":[{"href":"https:\/\/ysministry.org\/site\/wp-json\/wp\/v2\/media?parent=382"}],"curies":[{"name":"wp","href":"https:\/\/api.w.org\/{rel}","templated":true}]}}