{"id":606,"date":"2023-12-30T17:21:58","date_gmt":"2023-12-30T16:21:58","guid":{"rendered":"https:\/\/ysministry.org\/site\/?page_id=606"},"modified":"2026-02-05T16:49:55","modified_gmt":"2026-02-05T15:49:55","slug":"inviter","status":"publish","type":"page","link":"https:\/\/ysministry.org\/site\/inviter\/","title":{"rendered":"NOUS INVITER"},"content":{"rendered":"\n<div class=\"wp-block-group alignwide has-global-padding is-layout-constrained wp-container-core-group-is-layout-8d72dee4 wp-block-group-is-layout-constrained\" style=\"padding-right:var(--wp--preset--spacing--40);padding-left:var(--wp--preset--spacing--40)\">\n<p>Vous d\u00e9sirez nous inviter &#8230;<\/p>\n\n\n\n<ul class=\"wp-block-list has-medium-font-size\">\n<li>&#8230; pour votre \u00e9v\u00e8nement<\/li>\n\n\n\n<li>&#8230; pour organiser une formation<\/li>\n\n\n\n<li>&#8230; demander nos services<\/li>\n<\/ul>\n\n\n\n<p class=\"has-medium-font-size\">ou pour toutes autre demande, rien de plus simple, compl\u00e9tez ce formulaire.<\/p>\n\n\n<div class=\"frm_forms  with_frm_style frm_style_style-formidable\" id=\"frm_form_4_container\" data-token=\"48945212c5d7862b2510ecd220a0c349\">\n<form enctype=\"multipart\/form-data\" method=\"post\" class=\"frm-show-form \" id=\"form_inviter\" data-token=\"48945212c5d7862b2510ecd220a0c349\">\n<div class=\"frm_form_fields \">\n<fieldset>\n<legend class=\"frm_screen_reader\">INVITER<\/legend>\n\n<div class=\"frm_fields_container\">\n<input type=\"hidden\" name=\"frm_action\" value=\"create\" \/>\n<input type=\"hidden\" name=\"form_id\" value=\"4\" \/>\n<input type=\"hidden\" name=\"frm_hide_fields_4\" id=\"frm_hide_fields_4\" value=\"\" \/>\n<input type=\"hidden\" name=\"form_key\" value=\"inviter\" \/>\n<input type=\"hidden\" name=\"item_meta[0]\" value=\"\" \/>\n<input type=\"hidden\" id=\"frm_submit_entry_4\" name=\"frm_submit_entry_4\" value=\"292b583dd4\" \/><input type=\"hidden\" name=\"_wp_http_referer\" value=\"\/site\/wp-json\/wp\/v2\/pages\/606\" \/><div id=\"frm_field_20_container\" class=\"frm_form_field form-field  frm_required_field frm_top_container frm12 frm_first\">\n\t<div  id=\"field_7mlub_label\" class=\"frm_primary_label\">ORGANISATION ou ORGANISATEUR\n\t\t<span class=\"frm_required\" aria-hidden=\"true\">*<\/span>\n\t<\/div>\n\t<fieldset aria-labelledby=\"field_7mlub_label\">\n\t<legend class=\"frm_screen_reader frm_hidden\">\n\t\tORGANISATION ou ORGANISATEUR\t<\/legend>\n\n\t<div  class=\"frm_combo_inputs_container\" id=\"frm_combo_inputs_container_20\" data-name-layout=\"last_first\">\n\t\t\t\t\t<div\n\t\t\t\tid=\"frm_field_20-last_container\"\n\t\t\t\tclass=\"frm_form_field form-field frm_form_subfield-last  frm6\"\n\t\t\t\tdata-sub-field-name=\"last\"\n\t\t\t>\n\t\t\t\t<label for=\"field_7mlub_last\" class=\"frm_screen_reader frm_hidden\">\n\t\t\t\t\tNom\t\t\t\t<\/label>\n\n\t\t\t\t<input  type=\"text\" id=\"field_7mlub_last\" value=\"\" name=\"item_meta[20][last]\" autocomplete=\"family-name\" data-reqmsg=\"ORGANISATION ou ORGANISATEUR ne peut pas \u00eatre vide.\" aria-required=\"true\" data-invmsg=\"ORGANISATION ou ORGANISATEUR est non valide\" aria-invalid=\"false\"  \/><div class=\"frm_description\" id=\"frm_field_20_last_desc\">Nom<\/div>\t\t\t<\/div>\n\t\t\t\t\t\t<div\n\t\t\t\tid=\"frm_field_20-first_container\"\n\t\t\t\tclass=\"frm_form_field form-field frm_form_subfield-first  frm6\"\n\t\t\t\tdata-sub-field-name=\"first\"\n\t\t\t>\n\t\t\t\t<label for=\"field_7mlub_first\" class=\"frm_screen_reader frm_hidden\">\n\t\t\t\t\tPr\u00e9nom\t\t\t\t<\/label>\n\n\t\t\t\t<input  type=\"text\" id=\"field_7mlub_first\" value=\"\" name=\"item_meta[20][first]\" autocomplete=\"given-name\" data-reqmsg=\"ORGANISATION ou ORGANISATEUR ne peut pas \u00eatre vide.\" aria-required=\"true\" data-invmsg=\"ORGANISATION ou ORGANISATEUR est non valide\" aria-invalid=\"false\"  \/><div class=\"frm_description\" id=\"frm_field_20_first_desc\">Pr\u00e9nom<\/div>\t\t\t<\/div>\n\t\t\t\t<\/div>\n<\/fieldset>\n\n\t\n\t\n<\/div>\n<div id=\"frm_field_23_container\" class=\"frm_form_field form-field  frm_required_field frm_top_container frm6 frm_first\">\n\t<label for=\"field_5ksr7\" id=\"field_5ksr7_label\" class=\"frm_primary_label\">E-mail\n\t\t<span class=\"frm_required\" aria-hidden=\"true\">*<\/span>\n\t<\/label>\n\t<input type=\"email\" id=\"field_5ksr7\" name=\"item_meta[23]\" value=\"\"  data-reqmsg=\"E-mail ne peut pas \u00eatre vide.\" aria-required=\"true\" data-invmsg=\"E-mail est non valide\" aria-invalid=\"false\"  \/>\n\t\n\t\n<\/div>\n<div id=\"frm_field_24_container\" class=\"frm_form_field form-field  frm_required_field frm_top_container frm6\">\n\t<label for=\"field_oktpf\" id=\"field_oktpf_label\" class=\"frm_primary_label\">Mobile\n\t\t<span class=\"frm_required\" aria-hidden=\"true\">*<\/span>\n\t<\/label>\n\t<input type=\"tel\" id=\"field_oktpf\" name=\"item_meta[24]\" value=\"\"  placeholder=\"+\" data-reqmsg=\"Mobile ne peut pas \u00eatre vide.\" aria-required=\"true\" data-invmsg=\"Mobile est non valide\" aria-invalid=\"false\" pattern=\"((\\+\\d{1,3}(-|.| )?\\(?\\d\\)?(-| |.)?\\d{1,5})|(\\(?\\d{2,6}\\)?))(-|.| )?(\\d{3,4})(-|.| )?(\\d{4})(( x| ext)\\d{1,5}){0,1}$\"   aria-describedby=\"frm_desc_field_oktpf\"\/>\n\t<div class=\"frm_description\" id=\"frm_desc_field_oktpf\">Avec pr\u00e9fixe international +...<\/div>\n\t\n<\/div>\n<div id=\"frm_field_25_container\" class=\"frm_form_field form-field  frm_required_field frm_top_container frm6 frm_first\">\n\t<label for=\"field_auctp\" id=\"field_auctp_label\" class=\"frm_primary_label\">Nom de l'\u00e9v\u00e8nement ou Organisation\n\t\t<span class=\"frm_required\" aria-hidden=\"true\">*<\/span>\n\t<\/label>\n\t<input type=\"text\" id=\"field_auctp\" name=\"item_meta[25]\" value=\"\"  data-reqmsg=\"Nom de l&#039;\u00e9v\u00e8nement ou Organisation ne peut pas \u00eatre vide.\" aria-required=\"true\" data-invmsg=\"Nom de l&#039;\u00e9v\u00e8nement ou Organisation est non valide\" aria-invalid=\"false\"  \/>\n\t\n\t\n<\/div>\n<div id=\"frm_field_26_container\" class=\"frm_form_field form-field  frm_top_container frm6\">\n\t<label for=\"field_d59n5\" id=\"field_d59n5_label\" class=\"frm_primary_label\">Site web\n\t\t<span class=\"frm_required\" aria-hidden=\"true\"><\/span>\n\t<\/label>\n\t<input type=\"text\" id=\"field_d59n5\" name=\"item_meta[26]\" value=\"\"  data-invmsg=\"Site web est non valide\" aria-invalid=\"false\"  \/>\n\t\n\t\n<\/div>\n<div id=\"frm_field_28_container\" class=\"frm_form_field form-field  frm_required_field frm_top_container frm6 frm_first\">\n\t<label for=\"field_xnz12\" id=\"field_xnz12_label\" class=\"frm_primary_label\">Date de l'\u00e9v\u00e8nement\n\t\t<span class=\"frm_required\" aria-hidden=\"true\">*<\/span>\n\t<\/label>\n\t<input type=\"text\" id=\"field_xnz12\" name=\"item_meta[28]\" value=\"\"  data-reqmsg=\"Date de l&#039;\u00e9v\u00e8nement ne peut pas \u00eatre vide.\" aria-required=\"true\" data-invmsg=\"Date de l&#039;\u00e9v\u00e8nement est non valide\" aria-invalid=\"false\"   aria-describedby=\"frm_desc_field_xnz12\"\/>\n\t<div class=\"frm_description\" id=\"frm_desc_field_xnz12\">Du ... au ...<\/div>\n\t\n<\/div>\n<div id=\"frm_field_29_container\" class=\"frm_form_field form-field  frm_required_field frm_top_container frm6\">\n\t<label for=\"field_q02ky\" id=\"field_q02ky_label\" class=\"frm_primary_label\">Lieu\n\t\t<span class=\"frm_required\" aria-hidden=\"true\">*<\/span>\n\t<\/label>\n\t<input type=\"text\" id=\"field_q02ky\" name=\"item_meta[29]\" value=\"\"  data-reqmsg=\"Lieu ne peut pas \u00eatre vide.\" aria-required=\"true\" data-invmsg=\"Lieu est non valide\" aria-invalid=\"false\"   aria-describedby=\"frm_desc_field_q02ky\"\/>\n\t<div class=\"frm_description\" id=\"frm_desc_field_q02ky\">Adresse de l'\u00e9v\u00e8nement<\/div>\n\t\n<\/div>\n<div id=\"frm_field_27_container\" class=\"frm_form_field form-field  frm_top_container\">\n\t<label for=\"field_glm50\" id=\"field_glm50_label\" class=\"frm_primary_label\">Question - Message\n\t\t<span class=\"frm_required\" aria-hidden=\"true\"><\/span>\n\t<\/label>\n\t<textarea name=\"item_meta[27]\" id=\"field_glm50\" rows=\"5\"  data-invmsg=\"Question - Message est non valide\" aria-invalid=\"false\"  ><\/textarea>\n\t\n\t\n<\/div>\n<div id=\"frm_field_30_container\" class=\"frm_form_field form-field  frm_none_container\">\n\t<label for=\"g-recaptcha-response\" id=\"field_g1w7s_label\" class=\"frm_primary_label\">Captcha\n\t\t<span class=\"frm_required\" aria-hidden=\"true\"><\/span>\n\t<\/label>\n\t<div  id=\"field_g1w7s\" class=\"frm-g-recaptcha\" data-sitekey=\"6Lc-PMcrAAAAACa9rv90zzJM_JLOSD9su2fJ-s29\" data-size=\"normal\" data-theme=\"light\"><\/div>\n\t\n\t\n<\/div>\n<div id=\"frm_field_19_container\" class=\"frm_form_field form-field \">\n\t<div class=\"frm_submit frm_flex\">\n<button class=\"frm_button_submit\" type=\"submit\"  >Envoyer<\/button>\n\n\n\n<\/div>\n<\/div>\n\t<input type=\"hidden\" name=\"item_key\" value=\"\" \/>\n\t\t\t<div id=\"frm_field_36_container\">\n\t\t\t<label for=\"field_4oc1v\" >\n\t\t\t\tSi vous \u00eates un humain, ne remplissez pas ce champ.\t\t\t<\/label>\n\t\t\t<input  id=\"field_4oc1v\" type=\"text\" class=\"frm_form_field form-field frm_verify\" name=\"item_meta[36]\" value=\"\"  \/>\n\t\t<\/div>\n\t\t<input name=\"frm_state\" type=\"hidden\" value=\"mrGsZrXx6eYOZt4MZhWGQc8yeobYuuBLb2PpCVH1tWY=\" \/><\/div>\n<\/fieldset>\n<\/div>\n\n<\/form>\n<\/div>\n\n<\/div>\n","protected":false},"excerpt":{"rendered":"<p>Vous d\u00e9sirez nous inviter &#8230; ou pour toutes autre demande, rien de plus simple, compl\u00e9tez ce formulaire.<\/p>\n","protected":false},"author":1,"featured_media":0,"parent":0,"menu_order":0,"comment_status":"closed","ping_status":"closed","template":"","meta":{"footnotes":""},"class_list":["post-606","page","type-page","status-publish","hentry"],"_links":{"self":[{"href":"https:\/\/ysministry.org\/site\/wp-json\/wp\/v2\/pages\/606","targetHints":{"allow":["GET"]}}],"collection":[{"href":"https:\/\/ysministry.org\/site\/wp-json\/wp\/v2\/pages"}],"about":[{"href":"https:\/\/ysministry.org\/site\/wp-json\/wp\/v2\/types\/page"}],"author":[{"embeddable":true,"href":"https:\/\/ysministry.org\/site\/wp-json\/wp\/v2\/users\/1"}],"replies":[{"embeddable":true,"href":"https:\/\/ysministry.org\/site\/wp-json\/wp\/v2\/comments?post=606"}],"version-history":[{"count":13,"href":"https:\/\/ysministry.org\/site\/wp-json\/wp\/v2\/pages\/606\/revisions"}],"predecessor-version":[{"id":3339,"href":"https:\/\/ysministry.org\/site\/wp-json\/wp\/v2\/pages\/606\/revisions\/3339"}],"wp:attachment":[{"href":"https:\/\/ysministry.org\/site\/wp-json\/wp\/v2\/media?parent=606"}],"curies":[{"name":"wp","href":"https:\/\/api.w.org\/{rel}","templated":true}]}}